{"id":2128,"date":"2023-05-08T10:59:34","date_gmt":"2023-05-08T07:59:34","guid":{"rendered":"https:\/\/baza-paradigma.ru\/template\/realt\/?page_id=2128"},"modified":"2024-12-17T03:21:42","modified_gmt":"2024-12-17T00:21:42","slug":"pomoshh-v-prodazhe","status":"publish","type":"page","link":"https:\/\/themiamirealty.com\/es\/pomoshh-v-prodazhe\/","title":{"rendered":"\u041f\u043e\u043c\u043e\u0449\u044c \u0432 \u043f\u0440\u043e\u0434\u0430\u0436\u0435"},"content":{"rendered":"<div style=\"height:5vw\" aria-hidden=\"true\" class=\"wp-block-spacer\"><\/div>\n\n\n\n<h2 class=\"wp-block-heading has-text-align-center fw-bold wow fadeInUp portfolio__title container custom_title-fz\" id=\"process\" style=\"font-style:normal;font-weight:600\">y 3 m\u00e1s argumentos de por qu\u00e9 usted debe confiar la soluci\u00f3n de su problema de vivienda a nosotros<\/h2>\n\n\n\n<div class=\"wp-block-columns is-layout-flex wp-container-core-columns-is-layout-9d6595d7 wp-block-columns-is-layout-flex\">\n<div class=\"wp-block-column is-layout-flow wp-block-column-is-layout-flow\">\n<div class=\"wp-block-cover has-custom-content-position is-position-top-left argument_pl\" style=\"min-height:27rem;aspect-ratio:unset;\"><span aria-hidden=\"true\" class=\"wp-block-cover__background has-background-dim-0 has-background-dim\"><\/span><a href=\"https:\/\/nedvijimost.stroyprokat.by\/services\/soprovozhdaem-yuridicheski-slozhnye-sdelki\/\"><img fetchpriority=\"high\" decoding=\"async\" width=\"469\" height=\"450\" class=\"wp-block-cover__image-background wp-image-2046\" alt=\"\" src=\"https:\/\/baza-paradigma.ru\/template\/realt\/wp-content\/uploads\/2023\/05\/forma57.png\" data-object-fit=\"cover\" srcset=\"https:\/\/themiamirealty.com\/wp-content\/uploads\/2023\/05\/forma57.png 469w, https:\/\/themiamirealty.com\/wp-content\/uploads\/2023\/05\/forma57-300x288.png 300w\" sizes=\"(max-width: 469px) 100vw, 469px\" \/><\/a><div class=\"wp-block-cover__inner-container is-layout-flow wp-block-cover-is-layout-flow\">\n<div style=\"height:2.5rem\" aria-hidden=\"true\" class=\"wp-block-spacer\"><\/div>\n\n\n\n<div class=\"wp-block-buttons is-layout-flex wp-block-buttons-is-layout-flex\">\n<div class=\"wp-block-button\"><a class=\"wp-block-button__link has-white-background-color has-text-color has-background wp-element-button\" style=\"border-radius:3px;color:#e9161f\"><strong><strong>Argumento 1<\/strong><\/strong><\/a><\/div>\n<\/div>\n\n\n\n<div style=\"height:4rem\" aria-hidden=\"true\" class=\"wp-block-spacer\"><\/div>\n\n\n\n<h2 class=\"wp-block-heading has-white-color has-text-color\" style=\"font-size:1.5rem\">15 \u043b\u0435\u0442 \u043e\u043f\u044b\u0442\u0430<\/h2>\n\n\n\n<div style=\"height:1rem\" aria-hidden=\"true\" class=\"wp-block-spacer\"><\/div>\n\n\n\n<p class=\"step-text www lele3-3 wow fadeInUp has-white-color has-text-color\" style=\"font-size:1.13rem\">\u041d\u0430\u0448\u0430 \u0446\u0435\u043b\u044c \u2014 \u0440\u0435\u0448\u0438\u0442\u044c \u043b\u044e\u0431\u0443\u044e \u0432\u0430\u0448\u0443 \u0437\u0430\u0434\u0430\u0447\u0443 \u043f\u043e \u043d\u0435\u0434\u0432\u0438\u0436\u0438\u043c\u043e\u0441\u0442\u0438, \u043a\u0430\u043a\u043e\u0439 \u0431\u044b \u0441\u043b\u043e\u0436\u043d\u043e\u0439 \u043e\u043d\u0430 \u043d\u0435 \u0431\u044b\u043b\u0430. \u0412 \u043c\u0430\u043a\u0441\u0438\u043c\u0430\u043b\u044c\u043d\u043e \u0441\u0436\u0430\u0442\u044b\u0435 \u0441\u0440\u043e\u043a\u0438<\/p>\n\n\n\n<div style=\"height:2rem\" aria-hidden=\"true\" class=\"wp-block-spacer\"><\/div>\n<\/div><\/div>\n<\/div>\n\n\n\n<div class=\"wp-block-column is-layout-flow wp-block-column-is-layout-flow\">\n<div class=\"wp-block-cover has-custom-content-position is-position-top-left argument_pl\" style=\"min-height:27rem;aspect-ratio:unset;\"><span aria-hidden=\"true\" class=\"wp-block-cover__background has-background-dim-0 has-background-dim\"><\/span><a href=\"https:\/\/nedvijimost.stroyprokat.by\/services\/soprovozhdaem-yuridicheski-slozhnye-sdelki\/\"><img decoding=\"async\" width=\"469\" height=\"450\" class=\"wp-block-cover__image-background wp-image-2047 lazyload\" alt=\"\" data-src=\"https:\/\/baza-paradigma.ru\/template\/realt\/wp-content\/uploads\/2023\/05\/forma58.png\" data-object-fit=\"cover\" data-srcset=\"https:\/\/themiamirealty.com\/wp-content\/uploads\/2023\/05\/forma58.png 469w, https:\/\/themiamirealty.com\/wp-content\/uploads\/2023\/05\/forma58-300x288.png 300w\" data-sizes=\"(max-width: 469px) 100vw, 469px\" src=\"data:image\/gif;base64,R0lGODlhAQABAAAAACH5BAEKAAEALAAAAAABAAEAAAICTAEAOw==\" style=\"--smush-placeholder-width: 469px; --smush-placeholder-aspect-ratio: 469\/450;\" \/><noscript><img decoding=\"async\" width=\"469\" height=\"450\" class=\"wp-block-cover__image-background wp-image-2047\" alt=\"\" src=\"https:\/\/baza-paradigma.ru\/template\/realt\/wp-content\/uploads\/2023\/05\/forma58.png\" data-object-fit=\"cover\" srcset=\"https:\/\/themiamirealty.com\/wp-content\/uploads\/2023\/05\/forma58.png 469w, https:\/\/themiamirealty.com\/wp-content\/uploads\/2023\/05\/forma58-300x288.png 300w\" sizes=\"(max-width: 469px) 100vw, 469px\" \/><\/noscript><\/a><div class=\"wp-block-cover__inner-container is-layout-flow wp-block-cover-is-layout-flow\">\n<div style=\"height:2.5rem\" aria-hidden=\"true\" class=\"wp-block-spacer\"><\/div>\n\n\n\n<div class=\"wp-block-buttons is-layout-flex wp-block-buttons-is-layout-flex\">\n<div class=\"wp-block-button\"><a class=\"wp-block-button__link has-white-background-color has-text-color has-background wp-element-button\" style=\"border-radius:3px;color:#e9161f\"><strong><strong>Argumento <\/strong>2<\/strong><\/a><\/div>\n<\/div>\n\n\n\n<div style=\"height:4rem\" aria-hidden=\"true\" class=\"wp-block-spacer\"><\/div>\n\n\n\n<h2 class=\"wp-block-heading has-white-color has-text-color\" style=\"font-size:1.5rem\">\u041f\u043e-\u0447\u0435\u043b\u043e\u0432\u0435\u0447\u0435\u0441\u043a\u0438-\u0432\u043d\u0438\u043c\u0430\u0442\u0435\u043b\u044c\u043d\u043e<br>\u043e\u0442\u043d\u043e\u0441\u0438\u043c\u0441\u044f \u043a \u043a\u043b\u0438\u0435\u043d\u0442\u0430\u043c<\/h2>\n\n\n\n<div style=\"height:1rem\" aria-hidden=\"true\" class=\"wp-block-spacer\"><\/div>\n\n\n\n<p class=\"step-text www lele3-3 wow fadeInUp has-white-color has-text-color\" style=\"font-size:1.13rem\">\u041a\u043e\u043c\u0430\u043d\u0434\u0430 \u0441\u043f\u0435\u0446\u0438\u0430\u043b\u0438\u0441\u0442\u043e\u0432 \u043f\u043e \u043d\u0435\u0434\u0432\u0438\u0436\u0438\u043c\u043e\u0441\u0442\u0438, \u0431\u0440\u043e\u043a\u0435\u0440\u043e\u0432, \u044e\u0440\u0438\u0441\u0442\u043e\u0432 \u0422\u041e\u041f-\u0443\u0440\u043e\u0432\u043d\u044f \u043f\u0440\u043e\u0432\u0435\u0434\u0435\u0442 \u0432\u0430\u0441 \u0437\u0430 \u0440\u0443\u043a\u0443 \u043f\u043e \u0441\u0434\u0435\u043b\u043a\u0435<\/p>\n\n\n\n<div style=\"height:2rem\" aria-hidden=\"true\" class=\"wp-block-spacer\"><\/div>\n<\/div><\/div>\n<\/div>\n\n\n\n<div class=\"wp-block-column is-layout-flow wp-block-column-is-layout-flow\">\n<div class=\"wp-block-cover has-custom-content-position is-position-top-left argument_pl\" style=\"min-height:27rem;aspect-ratio:unset;\"><span aria-hidden=\"true\" class=\"wp-block-cover__background has-background-dim-0 has-background-dim\"><\/span><a href=\"https:\/\/nedvijimost.stroyprokat.by\/services\/soprovozhdaem-yuridicheski-slozhnye-sdelki\/\"><img decoding=\"async\" width=\"469\" height=\"450\" class=\"wp-block-cover__image-background wp-image-2048 lazyload\" alt=\"\" data-src=\"https:\/\/baza-paradigma.ru\/template\/realt\/wp-content\/uploads\/2023\/05\/forma59.png\" data-object-fit=\"cover\" data-srcset=\"https:\/\/themiamirealty.com\/wp-content\/uploads\/2023\/05\/forma59.png 469w, https:\/\/themiamirealty.com\/wp-content\/uploads\/2023\/05\/forma59-300x288.png 300w\" data-sizes=\"(max-width: 469px) 100vw, 469px\" src=\"data:image\/gif;base64,R0lGODlhAQABAAAAACH5BAEKAAEALAAAAAABAAEAAAICTAEAOw==\" style=\"--smush-placeholder-width: 469px; --smush-placeholder-aspect-ratio: 469\/450;\" \/><noscript><img decoding=\"async\" width=\"469\" height=\"450\" class=\"wp-block-cover__image-background wp-image-2048\" alt=\"\" src=\"https:\/\/baza-paradigma.ru\/template\/realt\/wp-content\/uploads\/2023\/05\/forma59.png\" data-object-fit=\"cover\" srcset=\"https:\/\/themiamirealty.com\/wp-content\/uploads\/2023\/05\/forma59.png 469w, https:\/\/themiamirealty.com\/wp-content\/uploads\/2023\/05\/forma59-300x288.png 300w\" sizes=\"(max-width: 469px) 100vw, 469px\" \/><\/noscript><\/a><div class=\"wp-block-cover__inner-container is-layout-flow wp-block-cover-is-layout-flow\">\n<div style=\"height:2.5rem\" aria-hidden=\"true\" class=\"wp-block-spacer\"><\/div>\n\n\n\n<div class=\"wp-block-buttons is-layout-flex wp-block-buttons-is-layout-flex\">\n<div class=\"wp-block-button\"><a class=\"wp-block-button__link has-white-background-color has-text-color has-background wp-element-button\" style=\"border-radius:3px;color:#e9161f\"><strong><strong>Argumento <\/strong>3<\/strong><\/a><\/div>\n<\/div>\n\n\n\n<div style=\"height:4rem\" aria-hidden=\"true\" class=\"wp-block-spacer\"><\/div>\n\n\n\n<h2 class=\"wp-block-heading has-white-color has-text-color\" style=\"font-size:1.5rem\">\u0427\u0435\u0441\u0442\u043d\u044b \u0438 \u043e\u0442\u043a\u0440\u044b\u0442\u044b<br>\u0432 \u0440\u0430\u0431\u043e\u0442\u0435<\/h2>\n\n\n\n<div style=\"height:1rem\" aria-hidden=\"true\" class=\"wp-block-spacer\"><\/div>\n\n\n\n<p class=\"step-text www lele3-3 wow fadeInUp has-white-color has-text-color\" style=\"font-size:1.13rem\">\u0413\u0430\u0440\u0430\u043d\u0442\u0438\u0440\u0443\u0435\u043c \u044e\u0440\u0438\u0434\u0438\u0447\u0435\u0441\u043a\u0443\u044e \u0447\u0438\u0441\u0442\u043e\u0442\u0443 \u0441\u0434\u0435\u043b\u043e\u043a, \u0441\u043e\u0441\u0442\u043e\u0438\u043c \u0432 \u0413\u0438\u043b\u044c\u0434\u0438\u0438 \u0440\u0438\u044d\u043b\u0442\u043e\u0440\u043e\u0432 \u041c\u043e\u0441\u043a\u0432\u044b<\/p>\n\n\n\n<div style=\"height:2rem\" aria-hidden=\"true\" class=\"wp-block-spacer\"><\/div>\n<\/div><\/div>\n<\/div>\n<\/div>","protected":false},"excerpt":{"rendered":"<p>y 3 m\u00e1s argumentos de por qu\u00e9 usted debe confiar la soluci\u00f3n de su problema de vivienda a nosotros<\/p>","protected":false},"author":1,"featured_media":2093,"parent":0,"menu_order":0,"comment_status":"closed","ping_status":"closed","template":"index.php","meta":{"_acf_changed":false,"footnotes":""},"class_list":["post-2128","page","type-page","status-publish","has-post-thumbnail","hentry"],"acf":[],"yoast_head":"<!-- This site is optimized with the Yoast SEO plugin v23.6 - https:\/\/yoast.com\/wordpress\/plugins\/seo\/ -->\n<title>\u041f\u043e\u043c\u043e\u0449\u044c \u0432 \u043f\u0440\u043e\u0434\u0430\u0436\u0435 - Real estate agency in Maiami<\/title>\n<meta name=\"robots\" content=\"index, follow, max-snippet:-1, max-image-preview:large, max-video-preview:-1\" \/>\n<link rel=\"canonical\" href=\"https:\/\/themiamirealty.com\/es\/pomoshh-v-prodazhe\/\" \/>\n<meta property=\"og:locale\" content=\"es_ES\" \/>\n<meta property=\"og:type\" content=\"article\" \/>\n<meta property=\"og:title\" content=\"\u041f\u043e\u043c\u043e\u0449\u044c \u0432 \u043f\u0440\u043e\u0434\u0430\u0436\u0435 - Real estate agency in Maiami\" \/>\n<meta property=\"og:description\" content=\"and 3 more arguments why you should entrust the solution of your housing issue to us\" \/>\n<meta property=\"og:url\" content=\"https:\/\/themiamirealty.com\/es\/pomoshh-v-prodazhe\/\" \/>\n<meta property=\"og:site_name\" content=\"Real estate agency in Maiami\" \/>\n<meta property=\"article:modified_time\" content=\"2024-12-17T00:21:42+00:00\" \/>\n<meta property=\"og:image\" content=\"https:\/\/themiamirealty.com\/wp-content\/uploads\/2023\/05\/bg-main.jpg\" \/>\n\t<meta property=\"og:image:width\" content=\"1920\" \/>\n\t<meta property=\"og:image:height\" content=\"1080\" \/>\n\t<meta property=\"og:image:type\" content=\"image\/jpeg\" \/>\n<meta name=\"twitter:card\" content=\"summary_large_image\" \/>\n<meta name=\"twitter:label1\" content=\"Tiempo de lectura\" \/>\n\t<meta name=\"twitter:data1\" content=\"2 minutos\" \/>\n<script type=\"application\/ld+json\" class=\"yoast-schema-graph\">{\"@context\":\"https:\/\/schema.org\",\"@graph\":[{\"@type\":\"WebPage\",\"@id\":\"https:\/\/themiamirealty.com\/ru\/pomoshh-v-prodazhe\/\",\"url\":\"https:\/\/themiamirealty.com\/ru\/pomoshh-v-prodazhe\/\",\"name\":\"\u041f\u043e\u043c\u043e\u0449\u044c \u0432 \u043f\u0440\u043e\u0434\u0430\u0436\u0435 - Real estate agency in Maiami\",\"isPartOf\":{\"@id\":\"https:\/\/themiamirealty.com\/#website\"},\"primaryImageOfPage\":{\"@id\":\"https:\/\/themiamirealty.com\/ru\/pomoshh-v-prodazhe\/#primaryimage\"},\"image\":{\"@id\":\"https:\/\/themiamirealty.com\/ru\/pomoshh-v-prodazhe\/#primaryimage\"},\"thumbnailUrl\":\"https:\/\/themiamirealty.com\/wp-content\/uploads\/2023\/05\/bg-main.jpg\",\"datePublished\":\"2023-05-08T07:59:34+00:00\",\"dateModified\":\"2024-12-17T00:21:42+00:00\",\"breadcrumb\":{\"@id\":\"https:\/\/themiamirealty.com\/ru\/pomoshh-v-prodazhe\/#breadcrumb\"},\"inLanguage\":\"es\",\"potentialAction\":[{\"@type\":\"ReadAction\",\"target\":[\"https:\/\/themiamirealty.com\/ru\/pomoshh-v-prodazhe\/\"]}]},{\"@type\":\"ImageObject\",\"inLanguage\":\"es\",\"@id\":\"https:\/\/themiamirealty.com\/ru\/pomoshh-v-prodazhe\/#primaryimage\",\"url\":\"https:\/\/themiamirealty.com\/wp-content\/uploads\/2023\/05\/bg-main.jpg\",\"contentUrl\":\"https:\/\/themiamirealty.com\/wp-content\/uploads\/2023\/05\/bg-main.jpg\",\"width\":1920,\"height\":1080},{\"@type\":\"BreadcrumbList\",\"@id\":\"https:\/\/themiamirealty.com\/ru\/pomoshh-v-prodazhe\/#breadcrumb\",\"itemListElement\":[{\"@type\":\"ListItem\",\"position\":1,\"name\":\"\u0413\u043b\u0430\u0432\u043d\u0430\u044f \u0441\u0442\u0440\u0430\u043d\u0438\u0446\u0430\",\"item\":\"https:\/\/themiamirealty.com\/\"},{\"@type\":\"ListItem\",\"position\":2,\"name\":\"\u041f\u043e\u043c\u043e\u0449\u044c \u0432 \u043f\u0440\u043e\u0434\u0430\u0436\u0435\"}]},{\"@type\":\"WebSite\",\"@id\":\"https:\/\/themiamirealty.com\/#website\",\"url\":\"https:\/\/themiamirealty.com\/\",\"name\":\"Real estate agency in Maiami\",\"description\":\"Real estate for any requests\",\"publisher\":{\"@id\":\"https:\/\/themiamirealty.com\/#organization\"},\"potentialAction\":[{\"@type\":\"SearchAction\",\"target\":{\"@type\":\"EntryPoint\",\"urlTemplate\":\"https:\/\/themiamirealty.com\/?s={search_term_string}\"},\"query-input\":{\"@type\":\"PropertyValueSpecification\",\"valueRequired\":true,\"valueName\":\"search_term_string\"}}],\"inLanguage\":\"es\"},{\"@type\":\"Organization\",\"@id\":\"https:\/\/themiamirealty.com\/#organization\",\"name\":\"Paradigma.website\",\"url\":\"https:\/\/themiamirealty.com\/\",\"logo\":{\"@type\":\"ImageObject\",\"inLanguage\":\"es\",\"@id\":\"https:\/\/themiamirealty.com\/#\/schema\/logo\/image\/\",\"url\":\"https:\/\/nedvijimost.stroyprokat.by\/wp-content\/uploads\/2022\/11\/download-2.png\",\"contentUrl\":\"https:\/\/nedvijimost.stroyprokat.by\/wp-content\/uploads\/2022\/11\/download-2.png\",\"width\":543,\"height\":708,\"caption\":\"Paradigma.website\"},\"image\":{\"@id\":\"https:\/\/themiamirealty.com\/#\/schema\/logo\/image\/\"}}]}<\/script>\n<!-- \/ Yoast SEO plugin. -->","yoast_head_json":{"title":"\u041f\u043e\u043c\u043e\u0449\u044c \u0432 \u043f\u0440\u043e\u0434\u0430\u0436\u0435 - Real estate agency in Maiami","robots":{"index":"index","follow":"follow","max-snippet":"max-snippet:-1","max-image-preview":"max-image-preview:large","max-video-preview":"max-video-preview:-1"},"canonical":"https:\/\/themiamirealty.com\/es\/pomoshh-v-prodazhe\/","og_locale":"es_ES","og_type":"article","og_title":"\u041f\u043e\u043c\u043e\u0449\u044c \u0432 \u043f\u0440\u043e\u0434\u0430\u0436\u0435 - Real estate agency in Maiami","og_description":"and 3 more arguments why you should entrust the solution of your housing issue to us","og_url":"https:\/\/themiamirealty.com\/es\/pomoshh-v-prodazhe\/","og_site_name":"Real estate agency in Maiami","article_modified_time":"2024-12-17T00:21:42+00:00","og_image":[{"width":1920,"height":1080,"url":"https:\/\/themiamirealty.com\/wp-content\/uploads\/2023\/05\/bg-main.jpg","type":"image\/jpeg"}],"twitter_card":"summary_large_image","twitter_misc":{"Tiempo de lectura":"2 minutos"},"schema":{"@context":"https:\/\/schema.org","@graph":[{"@type":"WebPage","@id":"https:\/\/themiamirealty.com\/ru\/pomoshh-v-prodazhe\/","url":"https:\/\/themiamirealty.com\/ru\/pomoshh-v-prodazhe\/","name":"\u041f\u043e\u043c\u043e\u0449\u044c \u0432 \u043f\u0440\u043e\u0434\u0430\u0436\u0435 - Real estate agency in Maiami","isPartOf":{"@id":"https:\/\/themiamirealty.com\/#website"},"primaryImageOfPage":{"@id":"https:\/\/themiamirealty.com\/ru\/pomoshh-v-prodazhe\/#primaryimage"},"image":{"@id":"https:\/\/themiamirealty.com\/ru\/pomoshh-v-prodazhe\/#primaryimage"},"thumbnailUrl":"https:\/\/themiamirealty.com\/wp-content\/uploads\/2023\/05\/bg-main.jpg","datePublished":"2023-05-08T07:59:34+00:00","dateModified":"2024-12-17T00:21:42+00:00","breadcrumb":{"@id":"https:\/\/themiamirealty.com\/ru\/pomoshh-v-prodazhe\/#breadcrumb"},"inLanguage":"es","potentialAction":[{"@type":"ReadAction","target":["https:\/\/themiamirealty.com\/ru\/pomoshh-v-prodazhe\/"]}]},{"@type":"ImageObject","inLanguage":"es","@id":"https:\/\/themiamirealty.com\/ru\/pomoshh-v-prodazhe\/#primaryimage","url":"https:\/\/themiamirealty.com\/wp-content\/uploads\/2023\/05\/bg-main.jpg","contentUrl":"https:\/\/themiamirealty.com\/wp-content\/uploads\/2023\/05\/bg-main.jpg","width":1920,"height":1080},{"@type":"BreadcrumbList","@id":"https:\/\/themiamirealty.com\/ru\/pomoshh-v-prodazhe\/#breadcrumb","itemListElement":[{"@type":"ListItem","position":1,"name":"\u0413\u043b\u0430\u0432\u043d\u0430\u044f \u0441\u0442\u0440\u0430\u043d\u0438\u0446\u0430","item":"https:\/\/themiamirealty.com\/"},{"@type":"ListItem","position":2,"name":"\u041f\u043e\u043c\u043e\u0449\u044c \u0432 \u043f\u0440\u043e\u0434\u0430\u0436\u0435"}]},{"@type":"WebSite","@id":"https:\/\/themiamirealty.com\/#website","url":"https:\/\/themiamirealty.com\/","name":"Real estate agency in Maiami","description":"Real estate for any requests","publisher":{"@id":"https:\/\/themiamirealty.com\/#organization"},"potentialAction":[{"@type":"SearchAction","target":{"@type":"EntryPoint","urlTemplate":"https:\/\/themiamirealty.com\/?s={search_term_string}"},"query-input":{"@type":"PropertyValueSpecification","valueRequired":true,"valueName":"search_term_string"}}],"inLanguage":"es"},{"@type":"Organization","@id":"https:\/\/themiamirealty.com\/#organization","name":"Paradigma.website","url":"https:\/\/themiamirealty.com\/","logo":{"@type":"ImageObject","inLanguage":"es","@id":"https:\/\/themiamirealty.com\/#\/schema\/logo\/image\/","url":"https:\/\/nedvijimost.stroyprokat.by\/wp-content\/uploads\/2022\/11\/download-2.png","contentUrl":"https:\/\/nedvijimost.stroyprokat.by\/wp-content\/uploads\/2022\/11\/download-2.png","width":543,"height":708,"caption":"Paradigma.website"},"image":{"@id":"https:\/\/themiamirealty.com\/#\/schema\/logo\/image\/"}}]}},"_links":{"self":[{"href":"https:\/\/themiamirealty.com\/es\/wp-json\/wp\/v2\/pages\/2128","targetHints":{"allow":["GET"]}}],"collection":[{"href":"https:\/\/themiamirealty.com\/es\/wp-json\/wp\/v2\/pages"}],"about":[{"href":"https:\/\/themiamirealty.com\/es\/wp-json\/wp\/v2\/types\/page"}],"author":[{"embeddable":true,"href":"https:\/\/themiamirealty.com\/es\/wp-json\/wp\/v2\/users\/1"}],"replies":[{"embeddable":true,"href":"https:\/\/themiamirealty.com\/es\/wp-json\/wp\/v2\/comments?post=2128"}],"version-history":[{"count":0,"href":"https:\/\/themiamirealty.com\/es\/wp-json\/wp\/v2\/pages\/2128\/revisions"}],"wp:featuredmedia":[{"embeddable":true,"href":"https:\/\/themiamirealty.com\/es\/wp-json\/wp\/v2\/media\/2093"}],"wp:attachment":[{"href":"https:\/\/themiamirealty.com\/es\/wp-json\/wp\/v2\/media?parent=2128"}],"curies":[{"name":"wp","href":"https:\/\/api.w.org\/{rel}","templated":true}]}}